{"id":2,"date":"2023-03-03T07:50:24","date_gmt":"2023-03-03T07:50:24","guid":{"rendered":"http:\/\/traiteur-diebold-haguenau.fr\/?page_id=2"},"modified":"2023-11-29T22:36:10","modified_gmt":"2023-11-29T22:36:10","slug":"sample-page","status":"publish","type":"page","link":"https:\/\/traiteur-diebold-haguenau.fr\/?page_id=2","title":{"rendered":"Nos Suggestions Traiteur"},"content":{"rendered":"<p><div class=\"fusion-fullwidth fullwidth-box fusion-builder-row-1 fusion-flex-container has-pattern-background has-mask-background hundred-percent-fullwidth non-hundred-percent-height-scrolling\" style=\"--awb-border-radius-top-left:0px;--awb-border-radius-top-right:0px;--awb-border-radius-bottom-right:0px;--awb-border-radius-bottom-left:0px;--awb-margin-bottom:70px;--awb-background-color:var(--awb-color8);--awb-flex-wrap:wrap;\" ><div class=\"fusion-builder-row fusion-row fusion-flex-align-items-flex-start fusion-flex-content-wrap\" style=\"width:104% !important;max-width:104% !important;margin-left: calc(-4% \/ 2 );margin-right: calc(-4% \/ 2 );\"><div class=\"fusion-layout-column fusion_builder_column fusion-builder-column-0 fusion_builder_column_1_1 1_1 fusion-flex-column\" style=\"--awb-bg-size:cover;--awb-width-large:100%;--awb-margin-top-large:40px;--awb-spacing-right-large:1.92%;--awb-margin-bottom-large:40px;--awb-spacing-left-large:1.92%;--awb-width-medium:100%;--awb-order-medium:0;--awb-spacing-right-medium:1.92%;--awb-spacing-left-medium:1.92%;--awb-width-small:100%;--awb-order-small:0;--awb-spacing-right-small:1.92%;--awb-spacing-left-small:1.92%;\"><div class=\"fusion-column-wrapper fusion-column-has-shadow fusion-flex-justify-content-flex-start fusion-content-layout-column\"><div class=\"fusion-title title fusion-title-1 fusion-sep-none fusion-title-center fusion-title-text fusion-title-size-one\" style=\"--awb-text-color:var(--awb-color2);--awb-font-size:46px;\"><h1 class=\"fusion-title-heading title-heading-center\" style=\"margin:0;font-size:1em;text-transform:capitalize;\"><h1>Nos conseils Traiteur<\/h1><\/h1><\/div><\/div><\/div><\/div><\/div><div class=\"fusion-fullwidth fullwidth-box fusion-builder-row-2 fusion-flex-container nonhundred-percent-fullwidth non-hundred-percent-height-scrolling\" style=\"--awb-border-radius-top-left:0px;--awb-border-radius-top-right:0px;--awb-border-radius-bottom-right:0px;--awb-border-radius-bottom-left:0px;--awb-flex-wrap:wrap;\" ><div class=\"fusion-builder-row fusion-row fusion-flex-align-items-flex-start fusion-flex-content-wrap\" style=\"max-width:1393.6px;margin-left: calc(-4% \/ 2 );margin-right: calc(-4% \/ 2 );\"><div class=\"fusion-layout-column fusion_builder_column fusion-builder-column-1 fusion_builder_column_1_1 1_1 fusion-flex-column\" style=\"--awb-bg-blend:overlay;--awb-bg-size:cover;--awb-width-large:100%;--awb-margin-top-large:22px;--awb-spacing-right-large:1.92%;--awb-margin-bottom-large:0px;--awb-spacing-left-large:1.92%;--awb-width-medium:100%;--awb-spacing-right-medium:1.92%;--awb-spacing-left-medium:1.92%;--awb-width-small:100%;--awb-spacing-right-small:1.92%;--awb-spacing-left-small:1.92%;\"><div class=\"fusion-column-wrapper fusion-flex-justify-content-flex-start fusion-content-layout-column\"><div class=\"fusion-text fusion-text-1\"><p><b>Les conseils de notre traiteur d\u2019Haguenau:<\/b><\/p>\n<p>Chez traiteur Diebold, nous mettons tout en \u0153uvre pour que toutes nos prestations soient de qualit\u00e9. Que ce soit, le midi ou le soir en vous proposant des repas vari\u00e9s et \u00e9quilibr\u00e9s, nous ferons en sorte de mettre notre savoir-faire \u00e0 votre service. D\u00e9couvrez tous les jours des plats concoct\u00e9s par notre chef pour le midi \u00e0 partir de produits frais. Vous retrouverez sur la page correspondante la liste des menus pr\u00e9vus de la semaine, actualis\u00e9e r\u00e9guli\u00e8rement. Nous sommes \u00e0 votre disposition aussi bien par t\u00e9l\u00e9phone que par mail pour toute demande d\u2019informations.<\/p>\n<p><b>Un accompagnement et des instructions pour les repas livr\u00e9s:<\/b><\/p>\n<p>Chez Diebold Traiteur, nous avons \u00e0 c\u0153ur d\u2019accompagner nos clients pour faire en sorte que les repas que nous vous livrons conservent leur saveur. Pour cela nous vous indiquons toutes les informations n\u00e9cessaires \u00e0 la conservation ou pour le service, afin que profitiez au mieux de ce qui a \u00e9t\u00e9 pr\u00e9par\u00e9. Ainsi en plus de notre cuisine faite maison, vous b\u00e9n\u00e9ficierez des conseils. Que vous veniez directement chez nous r\u00e9cup\u00e9rer les repas ou qu\u2019ils soient livr\u00e9s, nous vous fourniront tout ce dont vous avez besoin.<\/p>\n<\/div><\/div><\/div><\/div><\/div><\/p>\n","protected":false},"excerpt":{"rendered":"","protected":false},"author":1,"featured_media":0,"parent":0,"menu_order":0,"comment_status":"closed","ping_status":"open","template":"100-width.php","meta":{"footnotes":""},"class_list":["post-2","page","type-page","status-publish","hentry"],"yoast_head":"<!-- This site is optimized with the Yoast SEO plugin v27.4 - https:\/\/yoast.com\/product\/yoast-seo-wordpress\/ -->\n<title>Nos Suggestions Traiteur - Traiteur-diebold-haguenau<\/title>\n<meta name=\"robots\" content=\"index, follow, max-snippet:-1, max-image-preview:large, max-video-preview:-1\" \/>\n<link rel=\"canonical\" href=\"https:\/\/traiteur-diebold-haguenau.fr\/?page_id=2\" \/>\n<meta property=\"og:locale\" content=\"fr_FR\" \/>\n<meta property=\"og:type\" content=\"article\" \/>\n<meta property=\"og:title\" content=\"Nos Suggestions Traiteur - Traiteur-diebold-haguenau\" \/>\n<meta property=\"og:url\" content=\"https:\/\/traiteur-diebold-haguenau.fr\/?page_id=2\" \/>\n<meta property=\"og:site_name\" content=\"Traiteur-diebold-haguenau\" \/>\n<meta property=\"article:modified_time\" content=\"2023-11-29T22:36:10+00:00\" \/>\n<meta property=\"og:image\" content=\"https:\/\/traiteur-diebold-haguenau.fr\/wp-content\/uploads\/2023\/03\/diebold.png\" \/>\n\t<meta property=\"og:image:width\" content=\"471\" \/>\n\t<meta property=\"og:image:height\" content=\"424\" \/>\n\t<meta property=\"og:image:type\" content=\"image\/png\" \/>\n<meta name=\"twitter:card\" content=\"summary_large_image\" \/>\n<meta name=\"twitter:label1\" content=\"Dur\u00e9e de lecture estim\u00e9e\" \/>\n\t<meta name=\"twitter:data1\" content=\"3 minutes\" \/>\n<script type=\"application\/ld+json\" class=\"yoast-schema-graph\">{\"@context\":\"https:\\\/\\\/schema.org\",\"@graph\":[{\"@type\":\"WebPage\",\"@id\":\"https:\\\/\\\/traiteur-diebold-haguenau.fr\\\/?page_id=2\",\"url\":\"https:\\\/\\\/traiteur-diebold-haguenau.fr\\\/?page_id=2\",\"name\":\"Nos Suggestions Traiteur - Traiteur-diebold-haguenau\",\"isPartOf\":{\"@id\":\"https:\\\/\\\/traiteur-diebold-haguenau.fr\\\/#website\"},\"datePublished\":\"2023-03-03T07:50:24+00:00\",\"dateModified\":\"2023-11-29T22:36:10+00:00\",\"breadcrumb\":{\"@id\":\"https:\\\/\\\/traiteur-diebold-haguenau.fr\\\/?page_id=2#breadcrumb\"},\"inLanguage\":\"fr-FR\",\"potentialAction\":[{\"@type\":\"ReadAction\",\"target\":[\"https:\\\/\\\/traiteur-diebold-haguenau.fr\\\/?page_id=2\"]}]},{\"@type\":\"BreadcrumbList\",\"@id\":\"https:\\\/\\\/traiteur-diebold-haguenau.fr\\\/?page_id=2#breadcrumb\",\"itemListElement\":[{\"@type\":\"ListItem\",\"position\":1,\"name\":\"Accueil\",\"item\":\"https:\\\/\\\/traiteur-diebold-haguenau.fr\\\/\"},{\"@type\":\"ListItem\",\"position\":2,\"name\":\"Nos Suggestions Traiteur\"}]},{\"@type\":\"WebSite\",\"@id\":\"https:\\\/\\\/traiteur-diebold-haguenau.fr\\\/#website\",\"url\":\"https:\\\/\\\/traiteur-diebold-haguenau.fr\\\/\",\"name\":\"Traiteur diebold haguenau\",\"description\":\"\",\"publisher\":{\"@id\":\"https:\\\/\\\/traiteur-diebold-haguenau.fr\\\/#organization\"},\"alternateName\":\"traiteur diebold\",\"potentialAction\":[{\"@type\":\"SearchAction\",\"target\":{\"@type\":\"EntryPoint\",\"urlTemplate\":\"https:\\\/\\\/traiteur-diebold-haguenau.fr\\\/?s={search_term_string}\"},\"query-input\":{\"@type\":\"PropertyValueSpecification\",\"valueRequired\":true,\"valueName\":\"search_term_string\"}}],\"inLanguage\":\"fr-FR\"},{\"@type\":\"Organization\",\"@id\":\"https:\\\/\\\/traiteur-diebold-haguenau.fr\\\/#organization\",\"name\":\"traiteur diebold haguenau\",\"url\":\"https:\\\/\\\/traiteur-diebold-haguenau.fr\\\/\",\"logo\":{\"@type\":\"ImageObject\",\"inLanguage\":\"fr-FR\",\"@id\":\"https:\\\/\\\/traiteur-diebold-haguenau.fr\\\/#\\\/schema\\\/logo\\\/image\\\/\",\"url\":\"https:\\\/\\\/traiteur-diebold-haguenau.fr\\\/wp-content\\\/uploads\\\/2023\\\/03\\\/diebold.png\",\"contentUrl\":\"https:\\\/\\\/traiteur-diebold-haguenau.fr\\\/wp-content\\\/uploads\\\/2023\\\/03\\\/diebold.png\",\"width\":471,\"height\":424,\"caption\":\"traiteur diebold haguenau\"},\"image\":{\"@id\":\"https:\\\/\\\/traiteur-diebold-haguenau.fr\\\/#\\\/schema\\\/logo\\\/image\\\/\"}}]}<\/script>\n<!-- \/ Yoast SEO plugin. -->","yoast_head_json":{"title":"Nos Suggestions Traiteur - Traiteur-diebold-haguenau","robots":{"index":"index","follow":"follow","max-snippet":"max-snippet:-1","max-image-preview":"max-image-preview:large","max-video-preview":"max-video-preview:-1"},"canonical":"https:\/\/traiteur-diebold-haguenau.fr\/?page_id=2","og_locale":"fr_FR","og_type":"article","og_title":"Nos Suggestions Traiteur - Traiteur-diebold-haguenau","og_url":"https:\/\/traiteur-diebold-haguenau.fr\/?page_id=2","og_site_name":"Traiteur-diebold-haguenau","article_modified_time":"2023-11-29T22:36:10+00:00","og_image":[{"width":471,"height":424,"url":"https:\/\/traiteur-diebold-haguenau.fr\/wp-content\/uploads\/2023\/03\/diebold.png","type":"image\/png"}],"twitter_card":"summary_large_image","twitter_misc":{"Dur\u00e9e de lecture estim\u00e9e":"3 minutes"},"schema":{"@context":"https:\/\/schema.org","@graph":[{"@type":"WebPage","@id":"https:\/\/traiteur-diebold-haguenau.fr\/?page_id=2","url":"https:\/\/traiteur-diebold-haguenau.fr\/?page_id=2","name":"Nos Suggestions Traiteur - Traiteur-diebold-haguenau","isPartOf":{"@id":"https:\/\/traiteur-diebold-haguenau.fr\/#website"},"datePublished":"2023-03-03T07:50:24+00:00","dateModified":"2023-11-29T22:36:10+00:00","breadcrumb":{"@id":"https:\/\/traiteur-diebold-haguenau.fr\/?page_id=2#breadcrumb"},"inLanguage":"fr-FR","potentialAction":[{"@type":"ReadAction","target":["https:\/\/traiteur-diebold-haguenau.fr\/?page_id=2"]}]},{"@type":"BreadcrumbList","@id":"https:\/\/traiteur-diebold-haguenau.fr\/?page_id=2#breadcrumb","itemListElement":[{"@type":"ListItem","position":1,"name":"Accueil","item":"https:\/\/traiteur-diebold-haguenau.fr\/"},{"@type":"ListItem","position":2,"name":"Nos Suggestions Traiteur"}]},{"@type":"WebSite","@id":"https:\/\/traiteur-diebold-haguenau.fr\/#website","url":"https:\/\/traiteur-diebold-haguenau.fr\/","name":"Traiteur diebold haguenau","description":"","publisher":{"@id":"https:\/\/traiteur-diebold-haguenau.fr\/#organization"},"alternateName":"traiteur diebold","potentialAction":[{"@type":"SearchAction","target":{"@type":"EntryPoint","urlTemplate":"https:\/\/traiteur-diebold-haguenau.fr\/?s={search_term_string}"},"query-input":{"@type":"PropertyValueSpecification","valueRequired":true,"valueName":"search_term_string"}}],"inLanguage":"fr-FR"},{"@type":"Organization","@id":"https:\/\/traiteur-diebold-haguenau.fr\/#organization","name":"traiteur diebold haguenau","url":"https:\/\/traiteur-diebold-haguenau.fr\/","logo":{"@type":"ImageObject","inLanguage":"fr-FR","@id":"https:\/\/traiteur-diebold-haguenau.fr\/#\/schema\/logo\/image\/","url":"https:\/\/traiteur-diebold-haguenau.fr\/wp-content\/uploads\/2023\/03\/diebold.png","contentUrl":"https:\/\/traiteur-diebold-haguenau.fr\/wp-content\/uploads\/2023\/03\/diebold.png","width":471,"height":424,"caption":"traiteur diebold haguenau"},"image":{"@id":"https:\/\/traiteur-diebold-haguenau.fr\/#\/schema\/logo\/image\/"}}]}},"jetpack_sharing_enabled":true,"_links":{"self":[{"href":"https:\/\/traiteur-diebold-haguenau.fr\/index.php?rest_route=\/wp\/v2\/pages\/2","targetHints":{"allow":["GET"]}}],"collection":[{"href":"https:\/\/traiteur-diebold-haguenau.fr\/index.php?rest_route=\/wp\/v2\/pages"}],"about":[{"href":"https:\/\/traiteur-diebold-haguenau.fr\/index.php?rest_route=\/wp\/v2\/types\/page"}],"author":[{"embeddable":true,"href":"https:\/\/traiteur-diebold-haguenau.fr\/index.php?rest_route=\/wp\/v2\/users\/1"}],"replies":[{"embeddable":true,"href":"https:\/\/traiteur-diebold-haguenau.fr\/index.php?rest_route=%2Fwp%2Fv2%2Fcomments&post=2"}],"version-history":[{"count":8,"href":"https:\/\/traiteur-diebold-haguenau.fr\/index.php?rest_route=\/wp\/v2\/pages\/2\/revisions"}],"predecessor-version":[{"id":2869,"href":"https:\/\/traiteur-diebold-haguenau.fr\/index.php?rest_route=\/wp\/v2\/pages\/2\/revisions\/2869"}],"wp:attachment":[{"href":"https:\/\/traiteur-diebold-haguenau.fr\/index.php?rest_route=%2Fwp%2Fv2%2Fmedia&parent=2"}],"curies":[{"name":"wp","href":"https:\/\/api.w.org\/{rel}","templated":true}]}}