{"id":2658,"date":"2023-05-10T07:24:32","date_gmt":"2023-05-10T07:24:32","guid":{"rendered":"https:\/\/traiteur-diebold-haguenau.fr\/?page_id=2658"},"modified":"2023-05-10T07:36:37","modified_gmt":"2023-05-10T07:36:37","slug":"mentions-legales","status":"publish","type":"page","link":"https:\/\/traiteur-diebold-haguenau.fr\/?page_id=2658","title":{"rendered":"Mentions l\u00e9gales"},"content":{"rendered":"<div class=\"fusion-fullwidth fullwidth-box fusion-builder-row-1 fusion-flex-container nonhundred-percent-fullwidth non-hundred-percent-height-scrolling\" style=\"--awb-border-radius-top-left:0px;--awb-border-radius-top-right:0px;--awb-border-radius-bottom-right:0px;--awb-border-radius-bottom-left:0px;--awb-flex-wrap:wrap;\" ><div class=\"fusion-builder-row fusion-row fusion-flex-align-items-flex-start fusion-flex-content-wrap\" style=\"max-width:1393.6px;margin-left: calc(-4% \/ 2 );margin-right: calc(-4% \/ 2 );\"><div class=\"fusion-layout-column fusion_builder_column fusion-builder-column-0 fusion_builder_column_1_1 1_1 fusion-flex-column\" style=\"--awb-bg-size:cover;--awb-width-large:100%;--awb-margin-top-large:0px;--awb-spacing-right-large:1.92%;--awb-margin-bottom-large:0px;--awb-spacing-left-large:1.92%;--awb-width-medium:100%;--awb-spacing-right-medium:1.92%;--awb-spacing-left-medium:1.92%;--awb-width-small:100%;--awb-spacing-right-small:1.92%;--awb-spacing-left-small:1.92%;\"><div class=\"fusion-column-wrapper fusion-flex-justify-content-flex-start fusion-content-layout-column\"><div class=\"fusion-text fusion-text-1\"><p>Ce site est la propri\u00e9t\u00e9 de la soci\u00e9t\u00e9 TRAITEUR DIEBOLD, SARL au capital de 1 000,00 \u20ac, RCS 49519497900011, dont les coordonn\u00e9es sont :<\/p>\n<p>Adresse du si\u00e8ge social  : 66, Grande Rue 67410 ROHRVILLER.<\/p>\n<p>T\u00e9l\u00e9phone : 03 88 93 27 60.<\/p>\n<p>Courrier \u00e9lectronique : contact@traiteur-diebold.fr.<\/p>\n<p>N\u00b0 de TVA intracommunautaire : FR 73 495194979.<\/p>\n<p>Le Directeur de la publication du site est Monsieur Diebold Alain, en sa qualit\u00e9 de g\u00e9rant.<\/p>\n<p>Le prestataire assurant l&rsquo;h\u00e9bergement du site ainsi que le stockage des informations est la soci\u00e9t\u00e9 HOSTINGER (https:\/\/hostinger.com). La cr\u00e9ation graphique du site a \u00e9t\u00e9 r\u00e9alis\u00e9e par la soci\u00e9t\u00e9 Solutions informatique Haguenau (https:\/\/solutions-informatique-haguenau.fr\/).<\/p>\n<p>Le contenu du site<\/p>\n<p>La soci\u00e9t\u00e9 TRAITEUR DIEBOLD garantit les caract\u00e9ristiques essentielles des produits. La soci\u00e9t\u00e9 TRAITEUR DIEBOLD  ne peut \u00eatre tenue responsable de l\u2019utilisation et de l\u2019interpr\u00e9tation de l\u2019information contenue dans ce site. <\/p>\n<p>La soci\u00e9t\u00e9 TRAITEUR DIEBOLD ne peut \u00eatre tenue pour responsable d&rsquo;\u00e9ventuels virus qui pourraient infecter l&rsquo;ordinateur ou tout mat\u00e9riel informatique de l&rsquo;Internaute, suite \u00e0 une utilisation, \u00e0 l&rsquo;acc\u00e8s, ou au t\u00e9l\u00e9chargement provenant de ce site.<\/p>\n<p>La soci\u00e9t\u00e9 TRAITEUR DIEBOLD se r\u00e9serve le droit de modifier le contenu de ses offres commerciales \u00e0 tout moment, \u00e9tant entendu que toute commande effectu\u00e9e avant la modification de l\u2019offre sera honor\u00e9e.<\/p>\n<p>Droits d&rsquo;auteurs et propri\u00e9t\u00e9 intellectuelle<\/p>\n<p>Ce site est la propri\u00e9t\u00e9 de Monsieur Diebold Alain qui est titulaire de tous les droits de propri\u00e9t\u00e9 intellectuelle. Ce site constitue une \u0153uvre prot\u00e9g\u00e9e au titre de la propri\u00e9t\u00e9 intellectuelle, au m\u00eame titre que la structure g\u00e9n\u00e9rale du site, le graphisme ainsi que les \u00e9l\u00e9ments accessibles sur le site (formulaires, textes, photographies, images&#8230;).<\/p>\n<p>Sauf autorisation \u00e9crite pr\u00e9alable de Monsieur Diebold Alain, le site et les informations qui y figurent ne peuvent \u00eatre copi\u00e9s, reproduits, modifi\u00e9s, transmis, publi\u00e9s sur quelques supports que ce soit, ni exploit\u00e9s en tout ou partie \u00e0 des fins commerciales ou non commerciales, ni servir \u00e0 la r\u00e9alisation d&rsquo;\u0153uvres d\u00e9riv\u00e9es.<\/p>\n<p>Le non-respect de ces r\u00e8gles peut engager la responsabilit\u00e9 de l&rsquo;Internaute au sens des articles L. 713-2 et L.713-3 du Code de la Propri\u00e9t\u00e9 Intellectuelle.<\/p>\n<p>Cr\u00e9dit photo : Adobe Stock &#8211; Monsieur Diebold Alain .<\/p>\n<p>Politique de confidentialit\u00e9 des donn\u00e9es personnelles<\/p>\n<p>Notre entreprise met en \u0153uvre des traitements de donn\u00e9es \u00e0 caract\u00e8re personnel.<\/p>\n<p>En utilisant notre site, vous consentez \u00e0 notre politique de confidentialit\u00e9.<\/p>\n<p>Nous recueillons des informations vous concernant lorsque vous vous inscrivez sur notre site, lorsque vous vous connectez \u00e0 votre compte, faites un achat\u2026.<\/p>\n<p>Nous nous engageons \u00e0 ne collecter que les donn\u00e9es strictement n\u00e9cessaires.<\/p>\n<p>Les donn\u00e9es personnelles que nous collectons et stockons sont :<\/p>\n<p>&#8211;           Nom<\/p>\n<p>&#8211;           E-mail<\/p>\n<p>&#8211;           Code postal et ville<\/p>\n<p>&#8211;           Adresse <\/p>\n<p>&#8211;           T\u00e9l\u00e9phone<\/p>\n<\/p>\n<p>Le traitement de ces donn\u00e9es nous permet d\u2019assurer la gestion de notre relation commerciale, de personnaliser votre exp\u00e9rience et r\u00e9pondre \u00e0 vos besoins individuels, vous fournir des informations personnalis\u00e9es, am\u00e9liorer le service client et vos besoins de prise en charge, et vous contacter par e-mail.<\/p>\n<p>La dur\u00e9e de conservation des donn\u00e9es personnelles d\u00e9pend du service souscrit. Nous nous engageons \u00e0 ne pas conserver vos donn\u00e9es personnelles au-del\u00e0 de la dur\u00e9e n\u00e9cessaire \u00e0 la fourniture du service, augment\u00e9e de la dur\u00e9e de conservation impos\u00e9e par les r\u00e8gles applicables en mati\u00e8re de prescription l\u00e9gale.<\/p>\n<\/p>\n<p>Nous sommes les seuls utilisateurs des informations recueillies sur ce site. Vos informations personnelles ne seront pas vendues, \u00e9chang\u00e9es, transf\u00e9r\u00e9es, ou donn\u00e9es \u00e0 une autre soci\u00e9t\u00e9 sans votre consentement, en dehors de ce qui est n\u00e9cessaire pour r\u00e9pondre \u00e0 une demande et \/ ou une transaction (par exemple pour l\u2019exp\u00e9dition d\u2019une commande).<\/p>\n<\/p>\n<p>Nous mettons en \u0153uvre des mesures de s\u00e9curit\u00e9 pour pr\u00e9server la s\u00e9curit\u00e9 de vos informations personnelles. Nous prot\u00e9geons \u00e9galement vos informations hors ligne. Seuls les services ayant besoin d\u2019effectuer un travail sp\u00e9cifique (par exemple, la facturation ou le service client) ont acc\u00e8s aux informations personnelles identifiables. Les ordinateurs et serveurs utilis\u00e9s pour stocker des informations personnelles identifiables sont conserv\u00e9s dans un environnement s\u00e9curis\u00e9.<\/p>\n<\/p>\n<p>Nous utilisons des cookies, destin\u00e9s \u00e0 am\u00e9liorer l\u2019acc\u00e8s \u00e0 notre site et identifient les visiteurs r\u00e9guliers. En outre, nos cookies am\u00e9liorent l\u2019exp\u00e9rience d\u2019utilisateur gr\u00e2ce au suivi et au ciblage de ses int\u00e9r\u00eats. Cependant, cette utilisation des cookies n\u2019est en aucune fa\u00e7on li\u00e9e \u00e0 des informations personnelles identifiables sur notre site.<\/p>\n<p>Sachez que vous disposez d\u2019un droit d\u2019acc\u00e8s, de rectification, d\u2019effacement, d\u2019opposition, de limitation du traitement de vos donn\u00e9es \u00e0 caract\u00e8re personnel.<\/p>\n<p>Vous pouvez exercer ces droits par toute demande \u00e9crite et sign\u00e9e pr\u00e9cisant l\u2019adresse \u00e0 laquelle doit parvenir la r\u00e9ponse et accompagn\u00e9e d\u2019une copie de votre pi\u00e8ce d\u2019identit\u00e9, le tout adress\u00e9 \u00e0 : 66, Grande Rue 67410 ROHRVILLER.<\/p>\n<p>Vous pouvez \u00e9galement \u00e0 tout moment vous d\u00e9sinscrire afin de ne plus recevoir d\u2019e-mails.<\/p>\n<\/p>\n<p>Liens hypertextes vers des sites tiers<\/p>\n<p>Ce site propose des liens hypertextes pointant vers des sites Internet \u00e9dit\u00e9s par des tiers. Ces liens sont \u00e9tablis de bonne foi et la soci\u00e9t\u00e9 TRAITEUR DIEBOLD ne peut \u00eatre tenue pour responsable de modifications intervenues sur ces sites. Par cons\u00e9quent, ces liens hypertextes ne sauraient, en aucun cas, engager la responsabilit\u00e9 de la soci\u00e9t\u00e9 TRAITEUR DIEBOLD : seule la responsabilit\u00e9 des \u00e9diteurs des sites r\u00e9f\u00e9renc\u00e9s sur le site de la soci\u00e9t\u00e9 TRAITEUR DIEBOLD pourra \u00eatre engag\u00e9e.<\/p>\n<p>Droit applicable<\/p>\n<p>Ce site ainsi que les pr\u00e9sentes mentions l\u00e9gales sont soumis au droit fran\u00e7ais.<\/p>\n<\/div><\/div><\/div><\/div><\/div>\n","protected":false},"excerpt":{"rendered":"","protected":false},"author":1,"featured_media":0,"parent":0,"menu_order":0,"comment_status":"closed","ping_status":"closed","template":"","meta":{"footnotes":""},"class_list":["post-2658","page","type-page","status-publish","hentry"],"yoast_head":"<!-- This site is optimized with the Yoast SEO plugin v27.3 - https:\/\/yoast.com\/product\/yoast-seo-wordpress\/ -->\n<title>Mentions l\u00e9gales - Traiteur-diebold-haguenau<\/title>\n<meta name=\"robots\" content=\"index, follow, max-snippet:-1, max-image-preview:large, max-video-preview:-1\" \/>\n<link rel=\"canonical\" href=\"https:\/\/traiteur-diebold-haguenau.fr\/?page_id=2658\" \/>\n<meta property=\"og:locale\" content=\"fr_FR\" \/>\n<meta property=\"og:type\" content=\"article\" \/>\n<meta property=\"og:title\" content=\"Mentions l\u00e9gales - Traiteur-diebold-haguenau\" \/>\n<meta property=\"og:url\" content=\"https:\/\/traiteur-diebold-haguenau.fr\/?page_id=2658\" \/>\n<meta property=\"og:site_name\" content=\"Traiteur-diebold-haguenau\" \/>\n<meta property=\"article:modified_time\" content=\"2023-05-10T07:36:37+00:00\" \/>\n<meta property=\"og:image\" content=\"https:\/\/traiteur-diebold-haguenau.fr\/wp-content\/uploads\/2023\/03\/diebold.png\" \/>\n\t<meta property=\"og:image:width\" content=\"471\" \/>\n\t<meta property=\"og:image:height\" content=\"424\" \/>\n\t<meta property=\"og:image:type\" content=\"image\/png\" \/>\n<meta name=\"twitter:card\" content=\"summary_large_image\" \/>\n<meta name=\"twitter:label1\" content=\"Dur\u00e9e de lecture estim\u00e9e\" \/>\n\t<meta name=\"twitter:data1\" content=\"1 minute\" \/>\n<script type=\"application\/ld+json\" class=\"yoast-schema-graph\">{\"@context\":\"https:\\\/\\\/schema.org\",\"@graph\":[{\"@type\":\"WebPage\",\"@id\":\"https:\\\/\\\/traiteur-diebold-haguenau.fr\\\/?page_id=2658\",\"url\":\"https:\\\/\\\/traiteur-diebold-haguenau.fr\\\/?page_id=2658\",\"name\":\"Mentions l\u00e9gales - Traiteur-diebold-haguenau\",\"isPartOf\":{\"@id\":\"https:\\\/\\\/traiteur-diebold-haguenau.fr\\\/#website\"},\"datePublished\":\"2023-05-10T07:24:32+00:00\",\"dateModified\":\"2023-05-10T07:36:37+00:00\",\"breadcrumb\":{\"@id\":\"https:\\\/\\\/traiteur-diebold-haguenau.fr\\\/?page_id=2658#breadcrumb\"},\"inLanguage\":\"fr-FR\",\"potentialAction\":[{\"@type\":\"ReadAction\",\"target\":[\"https:\\\/\\\/traiteur-diebold-haguenau.fr\\\/?page_id=2658\"]}]},{\"@type\":\"BreadcrumbList\",\"@id\":\"https:\\\/\\\/traiteur-diebold-haguenau.fr\\\/?page_id=2658#breadcrumb\",\"itemListElement\":[{\"@type\":\"ListItem\",\"position\":1,\"name\":\"Accueil\",\"item\":\"https:\\\/\\\/traiteur-diebold-haguenau.fr\\\/\"},{\"@type\":\"ListItem\",\"position\":2,\"name\":\"Mentions l\u00e9gales\"}]},{\"@type\":\"WebSite\",\"@id\":\"https:\\\/\\\/traiteur-diebold-haguenau.fr\\\/#website\",\"url\":\"https:\\\/\\\/traiteur-diebold-haguenau.fr\\\/\",\"name\":\"Traiteur diebold haguenau\",\"description\":\"\",\"publisher\":{\"@id\":\"https:\\\/\\\/traiteur-diebold-haguenau.fr\\\/#organization\"},\"alternateName\":\"traiteur diebold\",\"potentialAction\":[{\"@type\":\"SearchAction\",\"target\":{\"@type\":\"EntryPoint\",\"urlTemplate\":\"https:\\\/\\\/traiteur-diebold-haguenau.fr\\\/?s={search_term_string}\"},\"query-input\":{\"@type\":\"PropertyValueSpecification\",\"valueRequired\":true,\"valueName\":\"search_term_string\"}}],\"inLanguage\":\"fr-FR\"},{\"@type\":\"Organization\",\"@id\":\"https:\\\/\\\/traiteur-diebold-haguenau.fr\\\/#organization\",\"name\":\"traiteur diebold haguenau\",\"url\":\"https:\\\/\\\/traiteur-diebold-haguenau.fr\\\/\",\"logo\":{\"@type\":\"ImageObject\",\"inLanguage\":\"fr-FR\",\"@id\":\"https:\\\/\\\/traiteur-diebold-haguenau.fr\\\/#\\\/schema\\\/logo\\\/image\\\/\",\"url\":\"https:\\\/\\\/traiteur-diebold-haguenau.fr\\\/wp-content\\\/uploads\\\/2023\\\/03\\\/diebold.png\",\"contentUrl\":\"https:\\\/\\\/traiteur-diebold-haguenau.fr\\\/wp-content\\\/uploads\\\/2023\\\/03\\\/diebold.png\",\"width\":471,\"height\":424,\"caption\":\"traiteur diebold haguenau\"},\"image\":{\"@id\":\"https:\\\/\\\/traiteur-diebold-haguenau.fr\\\/#\\\/schema\\\/logo\\\/image\\\/\"}}]}<\/script>\n<!-- \/ Yoast SEO plugin. -->","yoast_head_json":{"title":"Mentions l\u00e9gales - Traiteur-diebold-haguenau","robots":{"index":"index","follow":"follow","max-snippet":"max-snippet:-1","max-image-preview":"max-image-preview:large","max-video-preview":"max-video-preview:-1"},"canonical":"https:\/\/traiteur-diebold-haguenau.fr\/?page_id=2658","og_locale":"fr_FR","og_type":"article","og_title":"Mentions l\u00e9gales - Traiteur-diebold-haguenau","og_url":"https:\/\/traiteur-diebold-haguenau.fr\/?page_id=2658","og_site_name":"Traiteur-diebold-haguenau","article_modified_time":"2023-05-10T07:36:37+00:00","og_image":[{"width":471,"height":424,"url":"https:\/\/traiteur-diebold-haguenau.fr\/wp-content\/uploads\/2023\/03\/diebold.png","type":"image\/png"}],"twitter_card":"summary_large_image","twitter_misc":{"Dur\u00e9e de lecture estim\u00e9e":"1 minute"},"schema":{"@context":"https:\/\/schema.org","@graph":[{"@type":"WebPage","@id":"https:\/\/traiteur-diebold-haguenau.fr\/?page_id=2658","url":"https:\/\/traiteur-diebold-haguenau.fr\/?page_id=2658","name":"Mentions l\u00e9gales - Traiteur-diebold-haguenau","isPartOf":{"@id":"https:\/\/traiteur-diebold-haguenau.fr\/#website"},"datePublished":"2023-05-10T07:24:32+00:00","dateModified":"2023-05-10T07:36:37+00:00","breadcrumb":{"@id":"https:\/\/traiteur-diebold-haguenau.fr\/?page_id=2658#breadcrumb"},"inLanguage":"fr-FR","potentialAction":[{"@type":"ReadAction","target":["https:\/\/traiteur-diebold-haguenau.fr\/?page_id=2658"]}]},{"@type":"BreadcrumbList","@id":"https:\/\/traiteur-diebold-haguenau.fr\/?page_id=2658#breadcrumb","itemListElement":[{"@type":"ListItem","position":1,"name":"Accueil","item":"https:\/\/traiteur-diebold-haguenau.fr\/"},{"@type":"ListItem","position":2,"name":"Mentions l\u00e9gales"}]},{"@type":"WebSite","@id":"https:\/\/traiteur-diebold-haguenau.fr\/#website","url":"https:\/\/traiteur-diebold-haguenau.fr\/","name":"Traiteur diebold haguenau","description":"","publisher":{"@id":"https:\/\/traiteur-diebold-haguenau.fr\/#organization"},"alternateName":"traiteur diebold","potentialAction":[{"@type":"SearchAction","target":{"@type":"EntryPoint","urlTemplate":"https:\/\/traiteur-diebold-haguenau.fr\/?s={search_term_string}"},"query-input":{"@type":"PropertyValueSpecification","valueRequired":true,"valueName":"search_term_string"}}],"inLanguage":"fr-FR"},{"@type":"Organization","@id":"https:\/\/traiteur-diebold-haguenau.fr\/#organization","name":"traiteur diebold haguenau","url":"https:\/\/traiteur-diebold-haguenau.fr\/","logo":{"@type":"ImageObject","inLanguage":"fr-FR","@id":"https:\/\/traiteur-diebold-haguenau.fr\/#\/schema\/logo\/image\/","url":"https:\/\/traiteur-diebold-haguenau.fr\/wp-content\/uploads\/2023\/03\/diebold.png","contentUrl":"https:\/\/traiteur-diebold-haguenau.fr\/wp-content\/uploads\/2023\/03\/diebold.png","width":471,"height":424,"caption":"traiteur diebold haguenau"},"image":{"@id":"https:\/\/traiteur-diebold-haguenau.fr\/#\/schema\/logo\/image\/"}}]}},"jetpack_sharing_enabled":true,"_links":{"self":[{"href":"https:\/\/traiteur-diebold-haguenau.fr\/index.php?rest_route=\/wp\/v2\/pages\/2658","targetHints":{"allow":["GET"]}}],"collection":[{"href":"https:\/\/traiteur-diebold-haguenau.fr\/index.php?rest_route=\/wp\/v2\/pages"}],"about":[{"href":"https:\/\/traiteur-diebold-haguenau.fr\/index.php?rest_route=\/wp\/v2\/types\/page"}],"author":[{"embeddable":true,"href":"https:\/\/traiteur-diebold-haguenau.fr\/index.php?rest_route=\/wp\/v2\/users\/1"}],"replies":[{"embeddable":true,"href":"https:\/\/traiteur-diebold-haguenau.fr\/index.php?rest_route=%2Fwp%2Fv2%2Fcomments&post=2658"}],"version-history":[{"count":2,"href":"https:\/\/traiteur-diebold-haguenau.fr\/index.php?rest_route=\/wp\/v2\/pages\/2658\/revisions"}],"predecessor-version":[{"id":2661,"href":"https:\/\/traiteur-diebold-haguenau.fr\/index.php?rest_route=\/wp\/v2\/pages\/2658\/revisions\/2661"}],"wp:attachment":[{"href":"https:\/\/traiteur-diebold-haguenau.fr\/index.php?rest_route=%2Fwp%2Fv2%2Fmedia&parent=2658"}],"curies":[{"name":"wp","href":"https:\/\/api.w.org\/{rel}","templated":true}]}}