{"id":6,"date":"2023-03-08T13:32:15","date_gmt":"2023-03-08T13:32:15","guid":{"rendered":"https:\/\/traiteur-diebold-haguenau.fr\/?page_id=6"},"modified":"2023-11-29T22:36:28","modified_gmt":"2023-11-29T22:36:28","slug":"home","status":"publish","type":"page","link":"https:\/\/traiteur-diebold-haguenau.fr\/?page_id=6","title":{"rendered":"Nos Prestations"},"content":{"rendered":"<p><div class=\"fusion-fullwidth fullwidth-box fusion-builder-row-1 fusion-flex-container has-pattern-background has-mask-background hundred-percent-fullwidth non-hundred-percent-height-scrolling\" style=\"--awb-border-radius-top-left:0px;--awb-border-radius-top-right:0px;--awb-border-radius-bottom-right:0px;--awb-border-radius-bottom-left:0px;--awb-padding-top:0px;--awb-padding-bottom:0px;--awb-margin-top:0px;--awb-margin-bottom:70px;--awb-background-color:var(--awb-color8);--awb-flex-wrap:wrap;\" ><div class=\"fusion-builder-row fusion-row fusion-flex-align-items-flex-start fusion-flex-content-wrap\" style=\"width:104% !important;max-width:104% !important;margin-left: calc(-4% \/ 2 );margin-right: calc(-4% \/ 2 );\"><div class=\"fusion-layout-column fusion_builder_column fusion-builder-column-0 fusion_builder_column_1_1 1_1 fusion-flex-column\" style=\"--awb-bg-size:cover;--awb-width-large:100%;--awb-margin-top-large:40px;--awb-spacing-right-large:1.92%;--awb-margin-bottom-large:40px;--awb-spacing-left-large:1.92%;--awb-width-medium:100%;--awb-order-medium:0;--awb-spacing-right-medium:1.92%;--awb-spacing-left-medium:1.92%;--awb-width-small:100%;--awb-order-small:0;--awb-spacing-right-small:1.92%;--awb-spacing-left-small:1.92%;\"><div class=\"fusion-column-wrapper fusion-column-has-shadow fusion-flex-justify-content-flex-start fusion-content-layout-column\"><div class=\"fusion-title title fusion-title-1 fusion-sep-none fusion-title-center fusion-title-text fusion-title-size-one\" style=\"--awb-text-color:var(--awb-color2);--awb-font-size:46px;\"><h1 class=\"fusion-title-heading title-heading-center\" style=\"margin:0;font-size:1em;text-transform:capitalize;\"><h1>Nos prestations Traiteur<\/h1><\/h1><\/div><\/div><\/div><\/div><\/div><div class=\"fusion-fullwidth fullwidth-box fusion-builder-row-2 fusion-flex-container has-pattern-background has-mask-background nonhundred-percent-fullwidth non-hundred-percent-height-scrolling\" style=\"--awb-border-radius-top-left:0px;--awb-border-radius-top-right:0px;--awb-border-radius-bottom-right:0px;--awb-border-radius-bottom-left:0px;--awb-flex-wrap:wrap;\" ><div class=\"fusion-builder-row fusion-row fusion-flex-align-items-flex-start fusion-flex-content-wrap\" style=\"max-width:1393.6px;margin-left: calc(-4% \/ 2 );margin-right: calc(-4% \/ 2 );\"><div class=\"fusion-layout-column fusion_builder_column fusion-builder-column-1 fusion_builder_column_1_1 1_1 fusion-flex-column\" style=\"--awb-bg-size:cover;--awb-width-large:100%;--awb-margin-top-large:22px;--awb-spacing-right-large:1.92%;--awb-margin-bottom-large:20px;--awb-spacing-left-large:1.92%;--awb-width-medium:100%;--awb-order-medium:0;--awb-spacing-right-medium:1.92%;--awb-spacing-left-medium:1.92%;--awb-width-small:100%;--awb-order-small:0;--awb-spacing-right-small:1.92%;--awb-spacing-left-small:1.92%;\"><div class=\"fusion-column-wrapper fusion-column-has-shadow fusion-flex-justify-content-flex-start fusion-content-layout-column\"><div class=\"fusion-text fusion-text-1\"><p><b>D\u00e9couvrez nos prestations de traiteur, \u00e0 Haguenau<\/b><\/p>\n<p>Traiteur Diebold est une entreprise sp\u00e9cialis\u00e9e dans les services de traiteur pour une vari\u00e9t\u00e9 d&rsquo;\u00e9v\u00e9nements, des mariages et des r\u00e9ceptions d&rsquo;entreprise aux f\u00eates priv\u00e9es et aux \u00e9v\u00e9nements sp\u00e9ciaux. Traiteur Diebold propose \u00e9galement la location de salles pour des \u00e9v\u00e9nements \u00e0 HAGUENAU<\/p>\n<p><b>Tarif location de sale 500\u20ac<\/b><\/p>\n<p>Les salles sont parfaites pour les \u00e9v\u00e9nements de toutes tailles, offrant des espaces \u00e9l\u00e9gants et confortables pour accueillir vos invit\u00e9s. Que vous ayez besoin d&rsquo;une petite salle pour une r\u00e9union de familles ou d&rsquo;une grande salle pour une r\u00e9ception de mariage, Traiteur Diebold peut r\u00e9pondre \u00e0 vos besoins.<\/p>\n<p><b>Une prestation de traiteur pour toutes occasions<\/b><\/p>\n<p>Chez Diebold Traiteur, nous vous accompagnons en toutes occasions pour l\u2019organisation de vos repas. En tant que traiteur \u00e0 Haguenau, nous assurons une prestation de qualit\u00e9, \u00e0 partir de produits frais s\u00e9lectionn\u00e9s par nos chefs. Nous adaptons notre prestation en fonction de vos gouts ainsi que du nombre de personnes \u00e0 nourrir, afin que les quantit\u00e9s soient id\u00e9ales. Nous vous conseillerons au mieux sur la fa\u00e7on de r\u00e9chauffer, de maintenir au chaud ou de servir les diff\u00e9rents plats que nous vous proposerons. Tous nos plats sont r\u00e9alis\u00e9s directement par nos chefs, pour un r\u00e9sultat de qualit\u00e9.<\/p>\n<\/div><\/div><\/div><\/div><\/div><\/p>\n","protected":false},"excerpt":{"rendered":"","protected":false},"author":1,"featured_media":0,"parent":0,"menu_order":0,"comment_status":"closed","ping_status":"closed","template":"100-width.php","meta":{"footnotes":""},"class_list":["post-6","page","type-page","status-publish","hentry"],"yoast_head":"<!-- This site is optimized with the Yoast SEO plugin v27.3 - https:\/\/yoast.com\/product\/yoast-seo-wordpress\/ -->\n<title>Nos Prestations - Traiteur-diebold-haguenau<\/title>\n<meta name=\"robots\" content=\"index, follow, max-snippet:-1, max-image-preview:large, max-video-preview:-1\" \/>\n<link rel=\"canonical\" href=\"https:\/\/traiteur-diebold-haguenau.fr\/?page_id=6\" \/>\n<meta property=\"og:locale\" content=\"fr_FR\" \/>\n<meta property=\"og:type\" content=\"article\" \/>\n<meta property=\"og:title\" content=\"Nos Prestations - Traiteur-diebold-haguenau\" \/>\n<meta property=\"og:url\" content=\"https:\/\/traiteur-diebold-haguenau.fr\/?page_id=6\" \/>\n<meta property=\"og:site_name\" content=\"Traiteur-diebold-haguenau\" \/>\n<meta property=\"article:modified_time\" content=\"2023-11-29T22:36:28+00:00\" \/>\n<meta property=\"og:image\" content=\"https:\/\/traiteur-diebold-haguenau.fr\/wp-content\/uploads\/2023\/03\/diebold.png\" \/>\n\t<meta property=\"og:image:width\" content=\"471\" \/>\n\t<meta property=\"og:image:height\" content=\"424\" \/>\n\t<meta property=\"og:image:type\" content=\"image\/png\" \/>\n<meta name=\"twitter:card\" content=\"summary_large_image\" \/>\n<meta name=\"twitter:label1\" content=\"Dur\u00e9e de lecture estim\u00e9e\" \/>\n\t<meta name=\"twitter:data1\" content=\"3 minutes\" \/>\n<script type=\"application\/ld+json\" class=\"yoast-schema-graph\">{\"@context\":\"https:\\\/\\\/schema.org\",\"@graph\":[{\"@type\":\"WebPage\",\"@id\":\"https:\\\/\\\/traiteur-diebold-haguenau.fr\\\/?page_id=6\",\"url\":\"https:\\\/\\\/traiteur-diebold-haguenau.fr\\\/?page_id=6\",\"name\":\"Nos Prestations - Traiteur-diebold-haguenau\",\"isPartOf\":{\"@id\":\"https:\\\/\\\/traiteur-diebold-haguenau.fr\\\/#website\"},\"datePublished\":\"2023-03-08T13:32:15+00:00\",\"dateModified\":\"2023-11-29T22:36:28+00:00\",\"breadcrumb\":{\"@id\":\"https:\\\/\\\/traiteur-diebold-haguenau.fr\\\/?page_id=6#breadcrumb\"},\"inLanguage\":\"fr-FR\",\"potentialAction\":[{\"@type\":\"ReadAction\",\"target\":[\"https:\\\/\\\/traiteur-diebold-haguenau.fr\\\/?page_id=6\"]}]},{\"@type\":\"BreadcrumbList\",\"@id\":\"https:\\\/\\\/traiteur-diebold-haguenau.fr\\\/?page_id=6#breadcrumb\",\"itemListElement\":[{\"@type\":\"ListItem\",\"position\":1,\"name\":\"Accueil\",\"item\":\"https:\\\/\\\/traiteur-diebold-haguenau.fr\\\/\"},{\"@type\":\"ListItem\",\"position\":2,\"name\":\"Nos Prestations\"}]},{\"@type\":\"WebSite\",\"@id\":\"https:\\\/\\\/traiteur-diebold-haguenau.fr\\\/#website\",\"url\":\"https:\\\/\\\/traiteur-diebold-haguenau.fr\\\/\",\"name\":\"Traiteur diebold haguenau\",\"description\":\"\",\"publisher\":{\"@id\":\"https:\\\/\\\/traiteur-diebold-haguenau.fr\\\/#organization\"},\"alternateName\":\"traiteur diebold\",\"potentialAction\":[{\"@type\":\"SearchAction\",\"target\":{\"@type\":\"EntryPoint\",\"urlTemplate\":\"https:\\\/\\\/traiteur-diebold-haguenau.fr\\\/?s={search_term_string}\"},\"query-input\":{\"@type\":\"PropertyValueSpecification\",\"valueRequired\":true,\"valueName\":\"search_term_string\"}}],\"inLanguage\":\"fr-FR\"},{\"@type\":\"Organization\",\"@id\":\"https:\\\/\\\/traiteur-diebold-haguenau.fr\\\/#organization\",\"name\":\"traiteur diebold haguenau\",\"url\":\"https:\\\/\\\/traiteur-diebold-haguenau.fr\\\/\",\"logo\":{\"@type\":\"ImageObject\",\"inLanguage\":\"fr-FR\",\"@id\":\"https:\\\/\\\/traiteur-diebold-haguenau.fr\\\/#\\\/schema\\\/logo\\\/image\\\/\",\"url\":\"https:\\\/\\\/traiteur-diebold-haguenau.fr\\\/wp-content\\\/uploads\\\/2023\\\/03\\\/diebold.png\",\"contentUrl\":\"https:\\\/\\\/traiteur-diebold-haguenau.fr\\\/wp-content\\\/uploads\\\/2023\\\/03\\\/diebold.png\",\"width\":471,\"height\":424,\"caption\":\"traiteur diebold haguenau\"},\"image\":{\"@id\":\"https:\\\/\\\/traiteur-diebold-haguenau.fr\\\/#\\\/schema\\\/logo\\\/image\\\/\"}}]}<\/script>\n<!-- \/ Yoast SEO plugin. -->","yoast_head_json":{"title":"Nos Prestations - Traiteur-diebold-haguenau","robots":{"index":"index","follow":"follow","max-snippet":"max-snippet:-1","max-image-preview":"max-image-preview:large","max-video-preview":"max-video-preview:-1"},"canonical":"https:\/\/traiteur-diebold-haguenau.fr\/?page_id=6","og_locale":"fr_FR","og_type":"article","og_title":"Nos Prestations - Traiteur-diebold-haguenau","og_url":"https:\/\/traiteur-diebold-haguenau.fr\/?page_id=6","og_site_name":"Traiteur-diebold-haguenau","article_modified_time":"2023-11-29T22:36:28+00:00","og_image":[{"width":471,"height":424,"url":"https:\/\/traiteur-diebold-haguenau.fr\/wp-content\/uploads\/2023\/03\/diebold.png","type":"image\/png"}],"twitter_card":"summary_large_image","twitter_misc":{"Dur\u00e9e de lecture estim\u00e9e":"3 minutes"},"schema":{"@context":"https:\/\/schema.org","@graph":[{"@type":"WebPage","@id":"https:\/\/traiteur-diebold-haguenau.fr\/?page_id=6","url":"https:\/\/traiteur-diebold-haguenau.fr\/?page_id=6","name":"Nos Prestations - Traiteur-diebold-haguenau","isPartOf":{"@id":"https:\/\/traiteur-diebold-haguenau.fr\/#website"},"datePublished":"2023-03-08T13:32:15+00:00","dateModified":"2023-11-29T22:36:28+00:00","breadcrumb":{"@id":"https:\/\/traiteur-diebold-haguenau.fr\/?page_id=6#breadcrumb"},"inLanguage":"fr-FR","potentialAction":[{"@type":"ReadAction","target":["https:\/\/traiteur-diebold-haguenau.fr\/?page_id=6"]}]},{"@type":"BreadcrumbList","@id":"https:\/\/traiteur-diebold-haguenau.fr\/?page_id=6#breadcrumb","itemListElement":[{"@type":"ListItem","position":1,"name":"Accueil","item":"https:\/\/traiteur-diebold-haguenau.fr\/"},{"@type":"ListItem","position":2,"name":"Nos Prestations"}]},{"@type":"WebSite","@id":"https:\/\/traiteur-diebold-haguenau.fr\/#website","url":"https:\/\/traiteur-diebold-haguenau.fr\/","name":"Traiteur diebold haguenau","description":"","publisher":{"@id":"https:\/\/traiteur-diebold-haguenau.fr\/#organization"},"alternateName":"traiteur diebold","potentialAction":[{"@type":"SearchAction","target":{"@type":"EntryPoint","urlTemplate":"https:\/\/traiteur-diebold-haguenau.fr\/?s={search_term_string}"},"query-input":{"@type":"PropertyValueSpecification","valueRequired":true,"valueName":"search_term_string"}}],"inLanguage":"fr-FR"},{"@type":"Organization","@id":"https:\/\/traiteur-diebold-haguenau.fr\/#organization","name":"traiteur diebold haguenau","url":"https:\/\/traiteur-diebold-haguenau.fr\/","logo":{"@type":"ImageObject","inLanguage":"fr-FR","@id":"https:\/\/traiteur-diebold-haguenau.fr\/#\/schema\/logo\/image\/","url":"https:\/\/traiteur-diebold-haguenau.fr\/wp-content\/uploads\/2023\/03\/diebold.png","contentUrl":"https:\/\/traiteur-diebold-haguenau.fr\/wp-content\/uploads\/2023\/03\/diebold.png","width":471,"height":424,"caption":"traiteur diebold haguenau"},"image":{"@id":"https:\/\/traiteur-diebold-haguenau.fr\/#\/schema\/logo\/image\/"}}]}},"jetpack_sharing_enabled":true,"_links":{"self":[{"href":"https:\/\/traiteur-diebold-haguenau.fr\/index.php?rest_route=\/wp\/v2\/pages\/6","targetHints":{"allow":["GET"]}}],"collection":[{"href":"https:\/\/traiteur-diebold-haguenau.fr\/index.php?rest_route=\/wp\/v2\/pages"}],"about":[{"href":"https:\/\/traiteur-diebold-haguenau.fr\/index.php?rest_route=\/wp\/v2\/types\/page"}],"author":[{"embeddable":true,"href":"https:\/\/traiteur-diebold-haguenau.fr\/index.php?rest_route=\/wp\/v2\/users\/1"}],"replies":[{"embeddable":true,"href":"https:\/\/traiteur-diebold-haguenau.fr\/index.php?rest_route=%2Fwp%2Fv2%2Fcomments&post=6"}],"version-history":[{"count":10,"href":"https:\/\/traiteur-diebold-haguenau.fr\/index.php?rest_route=\/wp\/v2\/pages\/6\/revisions"}],"predecessor-version":[{"id":2870,"href":"https:\/\/traiteur-diebold-haguenau.fr\/index.php?rest_route=\/wp\/v2\/pages\/6\/revisions\/2870"}],"wp:attachment":[{"href":"https:\/\/traiteur-diebold-haguenau.fr\/index.php?rest_route=%2Fwp%2Fv2%2Fmedia&parent=6"}],"curies":[{"name":"wp","href":"https:\/\/api.w.org\/{rel}","templated":true}]}}